{"id":8,"date":"2025-07-01T23:27:52","date_gmt":"2025-07-01T21:27:52","guid":{"rendered":"https:\/\/www.cpbhand.com\/beach\/?page_id=8"},"modified":"2025-07-16T20:17:35","modified_gmt":"2025-07-16T18:17:35","slug":"nos-categories","status":"publish","type":"page","link":"https:\/\/www.cpbhand.com\/beach\/nos-categories\/","title":{"rendered":"Nos cat\u00e9gories"},"content":{"rendered":"\n<div class=\"wp-block-columns is-layout-flex wp-container-core-columns-is-layout-9d6595d7 wp-block-columns-is-layout-flex\">\n<div class=\"wp-block-column is-layout-flow wp-block-column-is-layout-flow\">\n<h2 class=\"wp-block-heading has-text-align-center\">U13<\/h2>\n\n\n\n<div class=\"wp-block-columns is-layout-flex wp-container-core-columns-is-layout-9d6595d7 wp-block-columns-is-layout-flex\">\n<div class=\"wp-block-column is-layout-flow wp-block-column-is-layout-flow\"><\/div>\n\n\n\n<div class=\"wp-block-column is-vertically-aligned-top is-layout-flow wp-block-column-is-layout-flow\"><div class=\"wp-block-image\">\n<figure class=\"aligncenter size-full is-resized\"><img loading=\"lazy\" decoding=\"async\" width=\"400\" height=\"400\" src=\"https:\/\/www.cpbhand.com\/beach\/wp-content\/uploads\/2025\/07\/Pivot_Femme.jpg\" alt=\"\" class=\"wp-image-63\" style=\"object-fit:cover;width:50px;height:50px\" srcset=\"https:\/\/www.cpbhand.com\/beach\/wp-content\/uploads\/2025\/07\/Pivot_Femme.jpg 400w, https:\/\/www.cpbhand.com\/beach\/wp-content\/uploads\/2025\/07\/Pivot_Femme-300x300.jpg 300w, https:\/\/www.cpbhand.com\/beach\/wp-content\/uploads\/2025\/07\/Pivot_Femme-150x150.jpg 150w\" sizes=\"auto, (max-width: 400px) 100vw, 400px\" \/><\/figure>\n<\/div><\/div>\n\n\n\n<div class=\"wp-block-column is-vertically-aligned-top is-layout-flow wp-block-column-is-layout-flow\"><div class=\"wp-block-image\">\n<figure class=\"aligncenter size-full is-resized\"><img loading=\"lazy\" decoding=\"async\" width=\"400\" height=\"400\" src=\"https:\/\/www.cpbhand.com\/beach\/wp-content\/uploads\/2025\/07\/Pivot_Homme.jpg\" alt=\"\" class=\"wp-image-62\" style=\"object-fit:cover;width:50px;height:50px\" srcset=\"https:\/\/www.cpbhand.com\/beach\/wp-content\/uploads\/2025\/07\/Pivot_Homme.jpg 400w, https:\/\/www.cpbhand.com\/beach\/wp-content\/uploads\/2025\/07\/Pivot_Homme-300x300.jpg 300w, https:\/\/www.cpbhand.com\/beach\/wp-content\/uploads\/2025\/07\/Pivot_Homme-150x150.jpg 150w\" sizes=\"auto, (max-width: 400px) 100vw, 400px\" \/><\/figure>\n<\/div><\/div>\n\n\n\n<div class=\"wp-block-column is-layout-flow wp-block-column-is-layout-flow\"><\/div>\n<\/div>\n\n\n\n<p class=\"has-text-align-center\">Cat\u00e9gorie ouverte aux filles et gar\u00e7ons n\u00e9s en 2013 et 2014<\/p>\n\n\n\n<h6 class=\"wp-block-heading has-text-align-center\">Entrainement<\/h6>\n\n\n\n<h6 class=\"wp-block-heading has-text-align-center\">Comp\u00e9tition<\/h6>\n<\/div>\n\n\n\n<div class=\"wp-block-column is-layout-flow wp-block-column-is-layout-flow\">\n<h2 class=\"wp-block-heading has-text-align-center\">U15<\/h2>\n\n\n\n<div class=\"wp-block-columns is-layout-flex wp-container-core-columns-is-layout-9d6595d7 wp-block-columns-is-layout-flex\">\n<div class=\"wp-block-column is-layout-flow wp-block-column-is-layout-flow\"><\/div>\n\n\n\n<div class=\"wp-block-column is-vertically-aligned-top is-layout-flow wp-block-column-is-layout-flow\"><div class=\"wp-block-image\">\n<figure class=\"aligncenter size-full is-resized\"><img loading=\"lazy\" decoding=\"async\" width=\"400\" height=\"400\" src=\"https:\/\/www.cpbhand.com\/beach\/wp-content\/uploads\/2025\/07\/Pivot_Femme.jpg\" alt=\"\" class=\"wp-image-63\" style=\"object-fit:cover;width:50px;height:50px\" srcset=\"https:\/\/www.cpbhand.com\/beach\/wp-content\/uploads\/2025\/07\/Pivot_Femme.jpg 400w, https:\/\/www.cpbhand.com\/beach\/wp-content\/uploads\/2025\/07\/Pivot_Femme-300x300.jpg 300w, https:\/\/www.cpbhand.com\/beach\/wp-content\/uploads\/2025\/07\/Pivot_Femme-150x150.jpg 150w\" sizes=\"auto, (max-width: 400px) 100vw, 400px\" \/><\/figure>\n<\/div><\/div>\n\n\n\n<div class=\"wp-block-column is-vertically-aligned-top is-layout-flow wp-block-column-is-layout-flow\"><div class=\"wp-block-image\">\n<figure class=\"aligncenter size-full is-resized\"><img loading=\"lazy\" decoding=\"async\" width=\"400\" height=\"400\" src=\"https:\/\/www.cpbhand.com\/beach\/wp-content\/uploads\/2025\/07\/Pivot_Homme.jpg\" alt=\"\" class=\"wp-image-62\" style=\"object-fit:cover;width:50px;height:50px\" srcset=\"https:\/\/www.cpbhand.com\/beach\/wp-content\/uploads\/2025\/07\/Pivot_Homme.jpg 400w, https:\/\/www.cpbhand.com\/beach\/wp-content\/uploads\/2025\/07\/Pivot_Homme-300x300.jpg 300w, https:\/\/www.cpbhand.com\/beach\/wp-content\/uploads\/2025\/07\/Pivot_Homme-150x150.jpg 150w\" sizes=\"auto, (max-width: 400px) 100vw, 400px\" \/><\/figure>\n<\/div><\/div>\n\n\n\n<div class=\"wp-block-column is-layout-flow wp-block-column-is-layout-flow\"><\/div>\n<\/div>\n\n\n\n<p class=\"has-text-align-center\">Cat\u00e9gorie ouverte aux filles et gar\u00e7ons n\u00e9s en 2011 et 2012<\/p>\n\n\n\n<h6 class=\"wp-block-heading has-text-align-center\">Entrainement<\/h6>\n\n\n\n<h6 class=\"wp-block-heading has-text-align-center\">Comp\u00e9tition<\/h6>\n<\/div>\n\n\n\n<div class=\"wp-block-column is-layout-flow wp-block-column-is-layout-flow\">\n<h2 class=\"wp-block-heading has-text-align-center\">U18<\/h2>\n\n\n\n<div class=\"wp-block-columns is-layout-flex wp-container-core-columns-is-layout-9d6595d7 wp-block-columns-is-layout-flex\">\n<div class=\"wp-block-column is-layout-flow wp-block-column-is-layout-flow\"><\/div>\n\n\n\n<div class=\"wp-block-column is-vertically-aligned-top is-layout-flow wp-block-column-is-layout-flow\"><div class=\"wp-block-image\">\n<figure class=\"aligncenter size-full is-resized\"><img loading=\"lazy\" decoding=\"async\" width=\"400\" height=\"400\" src=\"https:\/\/www.cpbhand.com\/beach\/wp-content\/uploads\/2025\/07\/Pivot_Femme.jpg\" alt=\"\" class=\"wp-image-63\" style=\"object-fit:cover;width:50px;height:50px\" srcset=\"https:\/\/www.cpbhand.com\/beach\/wp-content\/uploads\/2025\/07\/Pivot_Femme.jpg 400w, https:\/\/www.cpbhand.com\/beach\/wp-content\/uploads\/2025\/07\/Pivot_Femme-300x300.jpg 300w, https:\/\/www.cpbhand.com\/beach\/wp-content\/uploads\/2025\/07\/Pivot_Femme-150x150.jpg 150w\" sizes=\"auto, (max-width: 400px) 100vw, 400px\" \/><\/figure>\n<\/div><\/div>\n\n\n\n<div class=\"wp-block-column is-vertically-aligned-top is-layout-flow wp-block-column-is-layout-flow\"><div class=\"wp-block-image\">\n<figure class=\"aligncenter size-full is-resized\"><img loading=\"lazy\" decoding=\"async\" width=\"400\" height=\"400\" src=\"https:\/\/www.cpbhand.com\/beach\/wp-content\/uploads\/2025\/07\/Pivot_Homme.jpg\" alt=\"\" class=\"wp-image-62\" style=\"object-fit:cover;width:50px;height:50px\" srcset=\"https:\/\/www.cpbhand.com\/beach\/wp-content\/uploads\/2025\/07\/Pivot_Homme.jpg 400w, https:\/\/www.cpbhand.com\/beach\/wp-content\/uploads\/2025\/07\/Pivot_Homme-300x300.jpg 300w, https:\/\/www.cpbhand.com\/beach\/wp-content\/uploads\/2025\/07\/Pivot_Homme-150x150.jpg 150w\" sizes=\"auto, (max-width: 400px) 100vw, 400px\" \/><\/figure>\n<\/div><\/div>\n\n\n\n<div class=\"wp-block-column is-layout-flow wp-block-column-is-layout-flow\"><\/div>\n<\/div>\n\n\n\n<p class=\"has-text-align-center\">Cat\u00e9gorie ouverte aux filles et gar\u00e7ons n\u00e9s en 2008, 2009 et 2010<\/p>\n\n\n\n<h6 class=\"wp-block-heading has-text-align-center\">Entrainement<\/h6>\n\n\n\n<h6 class=\"wp-block-heading has-text-align-center\">Comp\u00e9tition<\/h6>\n<\/div>\n\n\n\n<div class=\"wp-block-column is-layout-flow wp-block-column-is-layout-flow\">\n<h2 class=\"wp-block-heading has-text-align-center\">Seniors<\/h2>\n\n\n\n<div class=\"wp-block-columns is-layout-flex wp-container-core-columns-is-layout-9d6595d7 wp-block-columns-is-layout-flex\">\n<div class=\"wp-block-column is-layout-flow wp-block-column-is-layout-flow\"><\/div>\n\n\n\n<div class=\"wp-block-column is-vertically-aligned-top is-layout-flow wp-block-column-is-layout-flow\"><div class=\"wp-block-image\">\n<figure class=\"aligncenter size-full is-resized\"><img loading=\"lazy\" decoding=\"async\" width=\"400\" height=\"400\" src=\"https:\/\/www.cpbhand.com\/beach\/wp-content\/uploads\/2025\/07\/Pivot_Femme.jpg\" alt=\"\" class=\"wp-image-63\" style=\"object-fit:cover;width:50px;height:50px\" srcset=\"https:\/\/www.cpbhand.com\/beach\/wp-content\/uploads\/2025\/07\/Pivot_Femme.jpg 400w, https:\/\/www.cpbhand.com\/beach\/wp-content\/uploads\/2025\/07\/Pivot_Femme-300x300.jpg 300w, https:\/\/www.cpbhand.com\/beach\/wp-content\/uploads\/2025\/07\/Pivot_Femme-150x150.jpg 150w\" sizes=\"auto, (max-width: 400px) 100vw, 400px\" \/><\/figure>\n<\/div><\/div>\n\n\n\n<div class=\"wp-block-column is-vertically-aligned-top is-layout-flow wp-block-column-is-layout-flow\"><div class=\"wp-block-image\">\n<figure class=\"aligncenter size-full is-resized\"><img loading=\"lazy\" decoding=\"async\" width=\"400\" height=\"400\" src=\"https:\/\/www.cpbhand.com\/beach\/wp-content\/uploads\/2025\/07\/Pivot_Homme.jpg\" alt=\"\" class=\"wp-image-62\" style=\"object-fit:cover;width:50px;height:50px\" srcset=\"https:\/\/www.cpbhand.com\/beach\/wp-content\/uploads\/2025\/07\/Pivot_Homme.jpg 400w, https:\/\/www.cpbhand.com\/beach\/wp-content\/uploads\/2025\/07\/Pivot_Homme-300x300.jpg 300w, https:\/\/www.cpbhand.com\/beach\/wp-content\/uploads\/2025\/07\/Pivot_Homme-150x150.jpg 150w\" sizes=\"auto, (max-width: 400px) 100vw, 400px\" \/><\/figure>\n<\/div><\/div>\n\n\n\n<div class=\"wp-block-column is-layout-flow wp-block-column-is-layout-flow\"><\/div>\n<\/div>\n\n\n\n<p class=\"has-text-align-center\">Cat\u00e9gorie ouverte aux filles et gar\u00e7ons de plus de 18 ans<\/p>\n\n\n\n<h6 class=\"wp-block-heading has-text-align-center\">Entrainement<\/h6>\n\n\n\n<h6 class=\"wp-block-heading has-text-align-center\">Comp\u00e9tition<\/h6>\n<\/div>\n<\/div>\n\n\n\n<p><\/p>\n","protected":false},"excerpt":{"rendered":"<p>U13 Cat\u00e9gorie ouverte aux filles et gar\u00e7ons n\u00e9s en 2013 et 2014 Entrainement Comp\u00e9tition U15 [&hellip;]<\/p>\n","protected":false},"author":1,"featured_media":0,"parent":0,"menu_order":0,"comment_status":"closed","ping_status":"closed","template":"","meta":{"footnotes":""},"class_list":["post-8","page","type-page","status-publish","hentry"],"_links":{"self":[{"href":"https:\/\/www.cpbhand.com\/beach\/wp-json\/wp\/v2\/pages\/8","targetHints":{"allow":["GET"]}}],"collection":[{"href":"https:\/\/www.cpbhand.com\/beach\/wp-json\/wp\/v2\/pages"}],"about":[{"href":"https:\/\/www.cpbhand.com\/beach\/wp-json\/wp\/v2\/types\/page"}],"author":[{"embeddable":true,"href":"https:\/\/www.cpbhand.com\/beach\/wp-json\/wp\/v2\/users\/1"}],"replies":[{"embeddable":true,"href":"https:\/\/www.cpbhand.com\/beach\/wp-json\/wp\/v2\/comments?post=8"}],"version-history":[{"count":21,"href":"https:\/\/www.cpbhand.com\/beach\/wp-json\/wp\/v2\/pages\/8\/revisions"}],"predecessor-version":[{"id":80,"href":"https:\/\/www.cpbhand.com\/beach\/wp-json\/wp\/v2\/pages\/8\/revisions\/80"}],"wp:attachment":[{"href":"https:\/\/www.cpbhand.com\/beach\/wp-json\/wp\/v2\/media?parent=8"}],"curies":[{"name":"wp","href":"https:\/\/api.w.org\/{rel}","templated":true}]}}