{"id":6,"date":"2025-07-01T23:27:29","date_gmt":"2025-07-01T21:27:29","guid":{"rendered":"https:\/\/www.cpbhand.com\/beach\/?page_id=6"},"modified":"2025-07-01T23:38:21","modified_gmt":"2025-07-01T21:38:21","slug":"le-beach-handball","status":"publish","type":"page","link":"https:\/\/www.cpbhand.com\/beach\/le-beach-handball\/","title":{"rendered":"Le Beach Handball"},"content":{"rendered":"\n<div class=\"wp-block-columns is-layout-flex wp-container-core-columns-is-layout-9d6595d7 wp-block-columns-is-layout-flex\">\n<div class=\"wp-block-column is-layout-flow wp-block-column-is-layout-flow\" style=\"flex-basis:66.66%\">\n<p>Le Beach handball a fait son apparition \u00e0 la FFHandball et est pr\u00e9sent dans le concert international avec la participation des \u00e9quipes de France juniors et seniors\u00a0<\/p>\n\n\n\n<h3 class=\"wp-block-heading\"><strong>Les objectifs de la mise en place de cette pratique<\/strong><\/h3>\n\n\n\n<ul class=\"wp-block-list\">\n<li>Recherche de nouveaux publics\u00a0<\/li>\n\n\n\n<li>Cr\u00e9ation de passerelles avec les autres offres de pratiques\u00a0<\/li>\n\n\n\n<li>Mise en place de comp\u00e9titions et ou d\u2019\u00e9v\u00e8nements.\u00a0<\/li>\n\n\n\n<li>Affichage de la Modernit\u00e9 et accentuation de la visibilit\u00e9\u00a0<\/li>\n\n\n\n<li>Augmentation des ressources\u00a0<\/li>\n\n\n\n<li>D\u00e9veloppent des valeurs citoyennes (fairplay et respect des arbitres)\u00a0<\/li>\n<\/ul>\n\n\n\n<p>Activit\u00e9 comp\u00e9titive de sable, le Beach Handball se pratique plut\u00f4t en outdoor avec un mat\u00e9riel sp\u00e9cifique disponible sur la Boutique officielle du Handball\u00a0<\/p>\n<\/div>\n\n\n\n<div class=\"wp-block-column is-layout-flow wp-block-column-is-layout-flow\" style=\"flex-basis:33.33%\"><div class=\"wp-block-image\">\n<figure class=\"alignright size-full is-resized\"><img loading=\"lazy\" decoding=\"async\" width=\"551\" height=\"551\" src=\"https:\/\/www.cpbhand.com\/beach\/wp-content\/uploads\/2025\/07\/FFHB_LOGO_BEACH_HANDBALL_RVB.jpg\" alt=\"\" class=\"wp-image-22\" style=\"width:237px;height:auto\" srcset=\"https:\/\/www.cpbhand.com\/beach\/wp-content\/uploads\/2025\/07\/FFHB_LOGO_BEACH_HANDBALL_RVB.jpg 551w, https:\/\/www.cpbhand.com\/beach\/wp-content\/uploads\/2025\/07\/FFHB_LOGO_BEACH_HANDBALL_RVB-300x300.jpg 300w, https:\/\/www.cpbhand.com\/beach\/wp-content\/uploads\/2025\/07\/FFHB_LOGO_BEACH_HANDBALL_RVB-150x150.jpg 150w\" sizes=\"auto, (max-width: 551px) 100vw, 551px\" \/><\/figure>\n<\/div><\/div>\n<\/div>\n\n\n\n<h3 class=\"wp-block-heading\"><strong>Pratiquer le Beach Handball, quelques infos utiles :&nbsp;<\/strong><\/h3>\n\n\n\n<p><strong>DE QUOI A-T-ON BESOIN ?&nbsp;<\/strong><\/p>\n\n\n\n<ul class=\"wp-block-list\">\n<li>1 terrain de beach\u00a0<\/li>\n\n\n\n<li>1 ballon de beach\u00a0<\/li>\n\n\n\n<li>2 cages de handball\u00a0<\/li>\n\n\n\n<li>Des lignes pour d\u00e9limiter le terrain\u00a0<br>\u00a0<\/li>\n<\/ul>\n\n\n\n<p><strong>QUI PEUT JOUER ?&nbsp;<\/strong><\/p>\n\n\n\n<ul class=\"wp-block-list\">\n<li>Equipes f\u00e9minines, masculines ou mixtes\u00a0<\/li>\n\n\n\n<li>3 joueurs +1 gardien ou 3 joueurs +1 sp\u00e9cialiste\u00a0<\/li>\n\n\n\n<li>10 joueurs par \u00e9quipe maximum\u00a0<br>\u00a0<\/li>\n<\/ul>\n\n\n\n<p><strong>LES SANCTIONS&nbsp;<\/strong><\/p>\n\n\n\n<ul class=\"wp-block-list\">\n<li>Le joueur sanctionn\u00e9 quitte le terrain\u00a0<\/li>\n\n\n\n<li>Au prochain changement de possession de balle, l\u2019\u00e9quipe peut \u00eatre au complet\u00a0<\/li>\n\n\n\n<li>2e suspension = disqualification\u00a0<br>\u00a0<\/li>\n<\/ul>\n\n\n\n<p><strong>COMMENT MARQUER ?&nbsp;<\/strong><\/p>\n\n\n\n<ul class=\"wp-block-list\">\n<li>Gagner 1 mi-temps = 1 point\u00a0<\/li>\n\n\n\n<li>Gagner les 2 mi-temps = 2 points = VICTOIRE\u00a0<\/li>\n\n\n\n<li>En cas d\u2019\u00e9galit\u00e9 1 \u00e0 1 : tirs au but (shoot out)\u00a0<br>\u00a0<\/li>\n<\/ul>\n\n\n\n<p><strong>COMMENT JOUER ?&nbsp;<\/strong><\/p>\n\n\n\n<ul class=\"wp-block-list\">\n<li>2 mi-temps de 10 mn chacune\u00a0<\/li>\n\n\n\n<li>5 mn de pause\u00a0<\/li>\n\n\n\n<li>1 vainqueur par mi-temps\u00a0<\/li>\n\n\n\n<li>1 temps mort par \u00e9quipe par mi-temps\u00a0<br>\u00a0<\/li>\n<\/ul>\n\n\n\n<p><strong>LE MANIEMENT DU BALLON&nbsp;<\/strong><\/p>\n\n\n\n<ul class=\"wp-block-list\">\n<li>Possibilit\u00e9 de faire rouler le ballon au sol (moins de 3 secondes)\u00a0<\/li>\n\n\n\n<li>Il est permis de plonger pour r\u00e9cup\u00e9rer le ballon\u00a0<\/li>\n\n\n\n<li>Il est permis de prendre le ballon pos\u00e9 au sol dans la zone du gardien\u00a0<\/li>\n\n\n\n<li>Pas de contact attaquant \/ d\u00e9fenseur\u00a0<\/li>\n\n\n\n<li>Contre d\u00e9fensif possible dans la zone = le block<br>\u00a0<\/li>\n<\/ul>\n\n\n\n<p><strong>JETS FRANCS ET REMISES EN JEU&nbsp;<\/strong><\/p>\n\n\n\n<ul class=\"wp-block-list\">\n<li>Les remises en jeu ont lieu avec un pied sur la ligne de touche (jet de coin compris)\u00a0<\/li>\n\n\n\n<li>Les jets francs ont lieu \u00e0 1 m de la zone du gardien\u00a0<\/li>\n\n\n\n<li>Les jets de 6m (penalty) ont lieu lorsqu\u2019une chance de marquer a clairement \u00e9t\u00e9 entrav\u00e9e par une faute (un jet de 6m = 2 points)<br>\u00a0<\/li>\n<\/ul>\n\n\n\n<p><strong>EN CAS D\u2019\u00c9GALIT\u00c9 SUR UNE MI-TEMPS&nbsp;<\/strong><\/p>\n\n\n\n<ul class=\"wp-block-list\">\n<li>La r\u00e8gle du but en or s\u2019applique (engagement entre 2)\u00a0<\/li>\n\n\n\n<li>La 1re \u00e9quipe \u00e0 marquer remporte la mi-temps\u00a0<\/li>\n\n\n\n<li>1 point par mi-temps gagn\u00e9e\u00a0<\/li>\n\n\n\n<li>Shoot out en cas d\u2019\u00e9galit\u00e9 1 point partout sur le match\u00a0<br>\u00a0<\/li>\n<\/ul>\n\n\n\n<p>La balle ne doit pas toucher le sol.&nbsp;<\/p>\n\n\n\n<p>L\u2019\u00e9quipe qui attaque ne peut enfreindre de r\u00e8gles (sans quoi l\u2019action prend fin).&nbsp;<\/p>\n\n\n\n<p>Le gardien d\u00e9fendant sa cage ne peut enfreindre de r\u00e8gles sous peine de provoquer un jet de 6m pour l\u2019\u00e9quipe adverse et d\u2019\u00eatre disqualifi\u00e9.&nbsp;<br>&nbsp;<\/p>\n\n\n\n<p><strong>LA MARQUE&nbsp;<\/strong><\/p>\n\n\n\n<ul class=\"wp-block-list\">\n<li>But normal = 1 pt\u00a0<\/li>\n\n\n\n<li>Inflight (kung fu) = 2 pts\u00a0<\/li>\n\n\n\n<li>But en 360\u00b0 = 2 pts\u00a0<\/li>\n\n\n\n<li>But du gardien = 2 pts\u00a0<\/li>\n\n\n\n<li>Jet de 6m = 2 pts\u00a0<\/li>\n\n\n\n<li>But du (de la) sp\u00e9cialiste = 2 pts\u00a0<br>\u00a0<\/li>\n<\/ul>\n\n\n\n<p><strong>QUI GAGNE ?&nbsp;<\/strong><\/p>\n\n\n\n<p>L\u2019\u00e9quipe ayant obtenu le plus de points \u00e0 la fin des 5 tirs&nbsp;<br>&nbsp;<\/p>\n\n\n\n<p><strong>EN CAS D\u2019\u00c9GALIT\u00c9 ?&nbsp;<\/strong><\/p>\n\n\n\n<ul class=\"wp-block-list\">\n<li>Mort subite = tirs au but\u00a0<\/li>\n\n\n\n<li>Tour \u00e0 tour jusqu\u2019\u00e0 ce qu\u2019un vainqueur soit d\u00e9sign\u00e9\u00a0<br>\u00a0<\/li>\n<\/ul>\n\n\n\n<p><strong>VAINQUEUR&nbsp;<\/strong><\/p>\n\n\n\n<p>L\u2019\u00e9quipe ayant obtenu une diff\u00e9rence d\u2019un but apr\u00e8s que les \u00e9quipes ont eu le m\u00eame nombre d\u2019essais&nbsp;<br>&nbsp;<\/p>\n\n\n\n<p><strong>SCORE FINAL&nbsp;<\/strong><\/p>\n\n\n\n<p>2-1 \u00e0 l\u2019issue des tirs au but<\/p>\n","protected":false},"excerpt":{"rendered":"<p>Le Beach handball a fait son apparition \u00e0 la FFHandball et est pr\u00e9sent dans le [&hellip;]<\/p>\n","protected":false},"author":1,"featured_media":0,"parent":0,"menu_order":0,"comment_status":"closed","ping_status":"closed","template":"","meta":{"footnotes":""},"class_list":["post-6","page","type-page","status-publish","hentry"],"_links":{"self":[{"href":"https:\/\/www.cpbhand.com\/beach\/wp-json\/wp\/v2\/pages\/6","targetHints":{"allow":["GET"]}}],"collection":[{"href":"https:\/\/www.cpbhand.com\/beach\/wp-json\/wp\/v2\/pages"}],"about":[{"href":"https:\/\/www.cpbhand.com\/beach\/wp-json\/wp\/v2\/types\/page"}],"author":[{"embeddable":true,"href":"https:\/\/www.cpbhand.com\/beach\/wp-json\/wp\/v2\/users\/1"}],"replies":[{"embeddable":true,"href":"https:\/\/www.cpbhand.com\/beach\/wp-json\/wp\/v2\/comments?post=6"}],"version-history":[{"count":13,"href":"https:\/\/www.cpbhand.com\/beach\/wp-json\/wp\/v2\/pages\/6\/revisions"}],"predecessor-version":[{"id":29,"href":"https:\/\/www.cpbhand.com\/beach\/wp-json\/wp\/v2\/pages\/6\/revisions\/29"}],"wp:attachment":[{"href":"https:\/\/www.cpbhand.com\/beach\/wp-json\/wp\/v2\/media?parent=6"}],"curies":[{"name":"wp","href":"https:\/\/api.w.org\/{rel}","templated":true}]}}