{"id":10,"date":"2025-07-01T23:27:59","date_gmt":"2025-07-01T21:27:59","guid":{"rendered":"https:\/\/www.cpbhand.com\/beach\/?page_id=10"},"modified":"2025-07-01T23:59:20","modified_gmt":"2025-07-01T21:59:20","slug":"le-beach-park","status":"publish","type":"page","link":"https:\/\/www.cpbhand.com\/beach\/le-beach-park\/","title":{"rendered":"Le Beach Park"},"content":{"rendered":"\n<p><strong>La Ville de Rennes a am\u00e9nager un terrain de sport sur sable, appel\u00e9 aussi \u00abBeach Park\u00bb au sein du complexe sportif Charles G\u00e9niaux en lieu et place d\u2019un terrain de football enherb\u00e9 d\u00e9di\u00e9 \u00e0 l\u2019entrainement.<\/strong><\/p>\n\n\n\n<h1 class=\"wp-block-heading\">Un site unique dans l&rsquo;ouest<\/h1>\n\n\n\n<p>R\u00e9alisation d\u2019un terrain permettant la pratique d\u2019activit\u00e9s sportives et \u00e9ducatives sur sable.<br>Am\u00e9nagement des abords du terrain sportif a\ufb01n d\u2019am\u00e9liorer la qualit\u00e9 d\u2019accueil du public et des usagers : assises en b\u00e9ton, requali\ufb01cation de l\u2019all\u00e9e d\u2019acc\u00e8s aux \u00e9quipements, connexion avec le square Charles G\u00e9niaux.<\/p>\n\n\n\n<p>Le Beach Park Charles G\u00e9niaux mesure 86 m\u00e8tres de long par 33 m\u00e8tres de large. Avec ces dimensions, nous pouvons accueillir jusqu&rsquo;\u00e0 9 terrains de Sandball et 4 terrains de Beach Handball.<\/p>\n\n\n\n<div class=\"wp-block-columns is-layout-flex wp-container-core-columns-is-layout-9d6595d7 wp-block-columns-is-layout-flex\">\n<div class=\"wp-block-column is-layout-flow wp-block-column-is-layout-flow\">\n<figure class=\"wp-block-image size-large\"><img loading=\"lazy\" decoding=\"async\" width=\"1024\" height=\"576\" src=\"https:\/\/www.cpbhand.com\/beach\/wp-content\/uploads\/2025\/07\/DJI_0365-1024x576.jpg\" alt=\"\" class=\"wp-image-35\" srcset=\"https:\/\/www.cpbhand.com\/beach\/wp-content\/uploads\/2025\/07\/DJI_0365-1024x576.jpg 1024w, https:\/\/www.cpbhand.com\/beach\/wp-content\/uploads\/2025\/07\/DJI_0365-300x169.jpg 300w, https:\/\/www.cpbhand.com\/beach\/wp-content\/uploads\/2025\/07\/DJI_0365-768x432.jpg 768w, https:\/\/www.cpbhand.com\/beach\/wp-content\/uploads\/2025\/07\/DJI_0365-1536x864.jpg 1536w, https:\/\/www.cpbhand.com\/beach\/wp-content\/uploads\/2025\/07\/DJI_0365-2048x1152.jpg 2048w\" sizes=\"auto, (max-width: 1024px) 100vw, 1024px\" \/><\/figure>\n<\/div>\n\n\n\n<div class=\"wp-block-column is-layout-flow wp-block-column-is-layout-flow\">\n<figure class=\"wp-block-image size-large\"><img loading=\"lazy\" decoding=\"async\" width=\"1024\" height=\"576\" src=\"https:\/\/www.cpbhand.com\/beach\/wp-content\/uploads\/2025\/07\/DJI_0368-1024x576.jpg\" alt=\"\" class=\"wp-image-36\" srcset=\"https:\/\/www.cpbhand.com\/beach\/wp-content\/uploads\/2025\/07\/DJI_0368-1024x576.jpg 1024w, https:\/\/www.cpbhand.com\/beach\/wp-content\/uploads\/2025\/07\/DJI_0368-300x169.jpg 300w, https:\/\/www.cpbhand.com\/beach\/wp-content\/uploads\/2025\/07\/DJI_0368-768x432.jpg 768w, https:\/\/www.cpbhand.com\/beach\/wp-content\/uploads\/2025\/07\/DJI_0368-1536x864.jpg 1536w, https:\/\/www.cpbhand.com\/beach\/wp-content\/uploads\/2025\/07\/DJI_0368-2048x1152.jpg 2048w\" sizes=\"auto, (max-width: 1024px) 100vw, 1024px\" \/><\/figure>\n<\/div>\n\n\n\n<div class=\"wp-block-column is-layout-flow wp-block-column-is-layout-flow\">\n<figure class=\"wp-block-image size-large\"><img loading=\"lazy\" decoding=\"async\" width=\"1024\" height=\"576\" src=\"https:\/\/www.cpbhand.com\/beach\/wp-content\/uploads\/2025\/07\/DJI_0369-1024x576.jpg\" alt=\"\" class=\"wp-image-37\" srcset=\"https:\/\/www.cpbhand.com\/beach\/wp-content\/uploads\/2025\/07\/DJI_0369-1024x576.jpg 1024w, https:\/\/www.cpbhand.com\/beach\/wp-content\/uploads\/2025\/07\/DJI_0369-300x169.jpg 300w, https:\/\/www.cpbhand.com\/beach\/wp-content\/uploads\/2025\/07\/DJI_0369-768x432.jpg 768w, https:\/\/www.cpbhand.com\/beach\/wp-content\/uploads\/2025\/07\/DJI_0369-1536x864.jpg 1536w, https:\/\/www.cpbhand.com\/beach\/wp-content\/uploads\/2025\/07\/DJI_0369-2048x1152.jpg 2048w\" sizes=\"auto, (max-width: 1024px) 100vw, 1024px\" \/><\/figure>\n<\/div>\n<\/div>\n\n\n\n<p>Le site propose une multitude d&rsquo;espaces et outils pour vous permettre de pratiquer le beach handball sous toutes les formes. De la pratique loisir \u00e0 la comp\u00e9tition, tout est possible !<\/p>\n\n\n\n<p><strong>Le Beach park<\/strong><\/p>\n\n\n\n<ul class=\"wp-block-list\">\n<li>Dimensions : 86m x 33m<\/li>\n\n\n\n<li>Capacit\u00e9 spectateurs jusqu&rsquo;\u00e0 600 places<\/li>\n<\/ul>\n\n\n\n<p><strong>La Salle Charles G\u00e9niaux<\/strong><\/p>\n\n\n\n<ul class=\"wp-block-list\">\n<li>8 vestiaires avec douches<\/li>\n\n\n\n<li>3 vestiaires arbitres<\/li>\n\n\n\n<li>Toilettes<\/li>\n\n\n\n<li>Terrain de handball 40m x 20m<\/li>\n\n\n\n<li>Capacit\u00e9 spectateurs jusqu&rsquo;\u00e0 400 places<\/li>\n\n\n\n<li>3 Bureaux<\/li>\n\n\n\n<li>1 Salle vid\u00e9o pour 20 personnes<\/li>\n\n\n\n<li>1 Espace r\u00e9ceptif de 90m\u00b2<\/li>\n<\/ul>\n\n\n\n<p><strong>Le Noroit<\/strong><\/p>\n\n\n\n<ul class=\"wp-block-list\">\n<li>1 Salle de musculation<\/li>\n\n\n\n<li>3 Salles vid\u00e9o de 15 \u00e0 30 personnes<\/li>\n\n\n\n<li>1 Espace r\u00e9ceptif de 250 m\u00b2<\/li>\n\n\n\n<li>1 Cuisine \u00e9quip\u00e9e<\/li>\n<\/ul>\n\n\n\n<figure class=\"wp-block-image size-large is-resized\"><img loading=\"lazy\" decoding=\"async\" width=\"1024\" height=\"576\" src=\"https:\/\/www.cpbhand.com\/beach\/wp-content\/uploads\/2025\/07\/DJI_0373-1024x576.jpg\" alt=\"\" class=\"wp-image-43\" style=\"object-fit:cover;width:1200px;height:675px\" srcset=\"https:\/\/www.cpbhand.com\/beach\/wp-content\/uploads\/2025\/07\/DJI_0373-1024x576.jpg 1024w, https:\/\/www.cpbhand.com\/beach\/wp-content\/uploads\/2025\/07\/DJI_0373-300x169.jpg 300w, https:\/\/www.cpbhand.com\/beach\/wp-content\/uploads\/2025\/07\/DJI_0373-768x432.jpg 768w, https:\/\/www.cpbhand.com\/beach\/wp-content\/uploads\/2025\/07\/DJI_0373-1536x864.jpg 1536w, https:\/\/www.cpbhand.com\/beach\/wp-content\/uploads\/2025\/07\/DJI_0373-2048x1152.jpg 2048w\" sizes=\"auto, (max-width: 1024px) 100vw, 1024px\" \/><\/figure>\n","protected":false},"excerpt":{"rendered":"<p>La Ville de Rennes a am\u00e9nager un terrain de sport sur sable, appel\u00e9 aussi \u00abBeach [&hellip;]<\/p>\n","protected":false},"author":1,"featured_media":0,"parent":0,"menu_order":0,"comment_status":"closed","ping_status":"closed","template":"","meta":{"footnotes":""},"class_list":["post-10","page","type-page","status-publish","hentry"],"_links":{"self":[{"href":"https:\/\/www.cpbhand.com\/beach\/wp-json\/wp\/v2\/pages\/10","targetHints":{"allow":["GET"]}}],"collection":[{"href":"https:\/\/www.cpbhand.com\/beach\/wp-json\/wp\/v2\/pages"}],"about":[{"href":"https:\/\/www.cpbhand.com\/beach\/wp-json\/wp\/v2\/types\/page"}],"author":[{"embeddable":true,"href":"https:\/\/www.cpbhand.com\/beach\/wp-json\/wp\/v2\/users\/1"}],"replies":[{"embeddable":true,"href":"https:\/\/www.cpbhand.com\/beach\/wp-json\/wp\/v2\/comments?post=10"}],"version-history":[{"count":10,"href":"https:\/\/www.cpbhand.com\/beach\/wp-json\/wp\/v2\/pages\/10\/revisions"}],"predecessor-version":[{"id":46,"href":"https:\/\/www.cpbhand.com\/beach\/wp-json\/wp\/v2\/pages\/10\/revisions\/46"}],"wp:attachment":[{"href":"https:\/\/www.cpbhand.com\/beach\/wp-json\/wp\/v2\/media?parent=10"}],"curies":[{"name":"wp","href":"https:\/\/api.w.org\/{rel}","templated":true}]}}